{"id":1090,"date":"2023-12-30T11:32:52","date_gmt":"2023-12-30T11:32:52","guid":{"rendered":"https:\/\/summernightlifeoutreach.com\/about"},"modified":"2026-02-25T14:18:06","modified_gmt":"2026-02-25T14:18:06","slug":"about","status":"publish","type":"page","link":"https:\/\/summernightlifeoutreach.com\/de\/about","title":{"rendered":"About"},"content":{"rendered":"\t\t<div data-elementor-type=\"wp-page\" data-elementor-id=\"1090\" class=\"elementor elementor-1090 elementor-10\" data-elementor-post-type=\"page\">\n\t\t\t\t<div class=\"elementor-element elementor-element-01a2df2 e-flex e-con-boxed e-con e-parent\" data-id=\"01a2df2\" data-element_type=\"container\" data-e-type=\"container\" data-settings=\"{&quot;background_background&quot;:&quot;classic&quot;}\">\n\t\t\t\t\t<div class=\"e-con-inner\">\n\t\t\t\t<div class=\"elementor-element elementor-element-b852f3d elementor-widget elementor-widget-heading\" data-id=\"b852f3d\" data-element_type=\"widget\" data-e-type=\"widget\" data-widget_type=\"heading.default\">\n\t\t\t\t<div class=\"elementor-widget-container\">\n\t\t\t\t\t<h1 class=\"elementor-heading-title elementor-size-default\">About<\/h1>\t\t\t\t<\/div>\n\t\t\t\t<\/div>\n\t\t\t\t\t<\/div>\n\t\t\t\t<\/div>\n\t\t<div class=\"elementor-element elementor-element-e40542d e-flex e-con-boxed e-con e-parent\" data-id=\"e40542d\" data-element_type=\"container\" data-e-type=\"container\" data-settings=\"{&quot;background_background&quot;:&quot;classic&quot;}\">\n\t\t\t\t\t<div class=\"e-con-inner\">\n\t\t<div class=\"elementor-element elementor-element-b9e3aca e-con-full e-flex e-con e-child\" data-id=\"b9e3aca\" data-element_type=\"container\" data-e-type=\"container\">\n\t\t\t\t<div class=\"elementor-element elementor-element-1936621 elementor-widget elementor-widget-heading\" data-id=\"1936621\" data-element_type=\"widget\" data-e-type=\"widget\" data-widget_type=\"heading.default\">\n\t\t\t\t<div class=\"elementor-widget-container\">\n\t\t\t\t\t<h2 class=\"elementor-heading-title elementor-size-default\">Wie es begann<\/h2>\t\t\t\t<\/div>\n\t\t\t\t<\/div>\n\t\t\t\t<div class=\"elementor-element elementor-element-50a3efc elementor-widget elementor-widget-text-editor\" data-id=\"50a3efc\" data-element_type=\"widget\" data-e-type=\"widget\" data-widget_type=\"text-editor.default\">\n\t\t\t\t<div class=\"elementor-widget-container\">\n\t\t\t\t\t\t\t\t\t<p dir=\"ltr\">Summer Nightlife Outreach ist ein Dienst von Youth With A Mission (<a href=\"https:\/\/www.ywam.org\/\" target=\"_blank\" rel=\"noopener\" data-saferedirecturl=\"https:\/\/www.google.com\/url?q=https:\/\/www.ywam.org\/&amp;source=gmail&amp;ust=1607817103255000&amp;usg=AFQjCNGld0uj2fAgp4t1649XZfLO1Zj4FA\">YWAM<\/a>). Es wurde im Sommer 2017 von der YWAM-Basis in <a href=\"http:\/\/ywamconstanta.ro\/\">Constan\u021ba, Rum\u00e4nien<\/a>, gestartet. <\/p><p dir=\"ltr\">Beginnend an der rum\u00e4nischen K\u00fcste am Schwarzen Meer und inspiriert von der Wirkung, haben wir die Vision, YWAM-Teams in alle K\u00fcstenst\u00e4dte Europas zu schicken, die f\u00fcr das Feiern junger Menschen bekannt sind.<\/p><p dir=\"ltr\">Im Jahr 2019 haben wir unsere ersten Teams in drei verschiedene Party-Resorts in Europa geschickt und konnten sehen, wie Jesus auf unglaubliche Weise wirkte! Viele Leben wurden f\u00fcr immer ver\u00e4ndert, als Jesus in die Partyszene kam! Ermutigt durch die vielen Zeugnisse erwarten wir in den kommenden Jahren noch gr\u00f6\u00dfere Dinge!  <\/p>\t\t\t\t\t\t\t\t<\/div>\n\t\t\t\t<\/div>\n\t\t\t\t<\/div>\n\t\t<div class=\"elementor-element elementor-element-13dad4d e-con-full e-flex e-con e-child\" data-id=\"13dad4d\" data-element_type=\"container\" data-e-type=\"container\" data-settings=\"{&quot;background_background&quot;:&quot;classic&quot;}\">\n\t\t\t\t<div class=\"elementor-element elementor-element-675d5cb elementor-widget elementor-widget-image\" data-id=\"675d5cb\" data-element_type=\"widget\" data-e-type=\"widget\" data-widget_type=\"image.default\">\n\t\t\t\t<div class=\"elementor-widget-container\">\n\t\t\t\t\t\t\t\t\t\t\t\t\t\t\t<img fetchpriority=\"high\" decoding=\"async\" width=\"1024\" height=\"683\" src=\"https:\/\/summernightlifeoutreach.com\/wp-content\/uploads\/2024\/02\/how-it-started-page-1024x683.jpeg\" class=\"attachment-large size-large wp-image-1087\" alt=\"\" srcset=\"https:\/\/summernightlifeoutreach.com\/wp-content\/uploads\/2024\/02\/how-it-started-page-1024x683.jpeg 1024w, https:\/\/summernightlifeoutreach.com\/wp-content\/uploads\/2024\/02\/how-it-started-page-300x200.jpeg 300w, https:\/\/summernightlifeoutreach.com\/wp-content\/uploads\/2024\/02\/how-it-started-page-768x512.jpeg 768w, https:\/\/summernightlifeoutreach.com\/wp-content\/uploads\/2024\/02\/how-it-started-page-1536x1024.jpeg 1536w, https:\/\/summernightlifeoutreach.com\/wp-content\/uploads\/2024\/02\/how-it-started-page-2048x1365.jpeg 2048w\" sizes=\"(max-width: 1024px) 100vw, 1024px\" \/>\t\t\t\t\t\t\t\t\t\t\t\t\t\t\t<\/div>\n\t\t\t\t<\/div>\n\t\t\t\t<\/div>\n\t\t\t\t\t<\/div>\n\t\t\t\t<\/div>\n\t\t<div class=\"elementor-element elementor-element-02354a3 e-flex e-con-boxed e-con e-parent\" data-id=\"02354a3\" data-element_type=\"container\" data-e-type=\"container\" data-settings=\"{&quot;background_background&quot;:&quot;classic&quot;}\">\n\t\t\t\t\t<div class=\"e-con-inner\">\n\t\t<div class=\"elementor-element elementor-element-8f8c2be e-con-full e-flex e-con e-child\" data-id=\"8f8c2be\" data-element_type=\"container\" data-e-type=\"container\" data-settings=\"{&quot;background_background&quot;:&quot;classic&quot;}\">\n\t\t\t\t<div class=\"elementor-element elementor-element-8637ac1 elementor-widget elementor-widget-image\" data-id=\"8637ac1\" data-element_type=\"widget\" data-e-type=\"widget\" data-widget_type=\"image.default\">\n\t\t\t\t<div class=\"elementor-widget-container\">\n\t\t\t\t\t\t\t\t\t\t\t\t\t\t\t<img decoding=\"async\" width=\"600\" height=\"600\" src=\"https:\/\/summernightlifeoutreach.com\/wp-content\/uploads\/2024\/01\/Background.png\" class=\"attachment-large size-large wp-image-1088\" alt=\"\" srcset=\"https:\/\/summernightlifeoutreach.com\/wp-content\/uploads\/2024\/01\/Background.png 600w, https:\/\/summernightlifeoutreach.com\/wp-content\/uploads\/2024\/01\/Background-300x300.png 300w, https:\/\/summernightlifeoutreach.com\/wp-content\/uploads\/2024\/01\/Background-150x150.png 150w\" sizes=\"(max-width: 600px) 100vw, 600px\" \/>\t\t\t\t\t\t\t\t\t\t\t\t\t\t\t<\/div>\n\t\t\t\t<\/div>\n\t\t\t\t<\/div>\n\t\t<div class=\"elementor-element elementor-element-b909a76 e-con-full e-flex e-con e-child\" data-id=\"b909a76\" data-element_type=\"container\" data-e-type=\"container\">\n\t\t\t\t<div class=\"elementor-element elementor-element-54fb091 elementor-widget elementor-widget-heading\" data-id=\"54fb091\" data-element_type=\"widget\" data-e-type=\"widget\" data-widget_type=\"heading.default\">\n\t\t\t\t<div class=\"elementor-widget-container\">\n\t\t\t\t\t<h2 class=\"elementor-heading-title elementor-size-default\">Das Herz von allem<\/h2>\t\t\t\t<\/div>\n\t\t\t\t<\/div>\n\t\t\t\t<div class=\"elementor-element elementor-element-20889cd elementor-widget elementor-widget-text-editor\" data-id=\"20889cd\" data-element_type=\"widget\" data-e-type=\"widget\" data-widget_type=\"text-editor.default\">\n\t\t\t\t<div class=\"elementor-widget-container\">\n\t\t\t\t\t\t\t\t\t<p>Millionen junger Menschen in Europa verbringen jeden Sommer Zeit in Ferienresorts, um Sonne, Strand und das Nachtleben unserer K\u00fcstenst\u00e4dte und -orte zu genie\u00dfen.<\/p><p>Weit weg von zu Hause und ihren t\u00e4glichen Verpflichtungen werden ihre normalen Grenzen oft aufgehoben, und wir finden sie h\u00e4ufig auf der Suche nach Spa\u00df durch \u00fcberm\u00e4\u00dfigen Alkoholkonsum, Drogenexperimente und Sex.<\/p><p>Die Dinge, die eigentlich f\u00fcr gute Zeiten sorgen sollten, erweisen sich oft als leer und sogar zerst\u00f6rerisch\u2026<br>Was w\u00e4re, wenn wir genau dort sein k\u00f6nnten? Was w\u00e4re, wenn wir ihnen etwas Besseres anbieten k\u00f6nnten? Was w\u00e4re, wenn wir Teams in die Partyszene dieser Ferienorte schicken w\u00fcrden, bereit, die Menschen zu lieben, bereit, das Evangelium mit ihnen zu teilen und bereit, sie zu einer Begegnung mit Jesus zu f\u00fchren?  <\/p><p>Unsere Vision ist es, die jungen Menschen in der Partyszene durch eine Begegnung mit Jesus zu transformieren!<\/p>\t\t\t\t\t\t\t\t<\/div>\n\t\t\t\t<\/div>\n\t\t\t\t<\/div>\n\t\t\t\t\t<\/div>\n\t\t\t\t<\/div>\n\t\t<div class=\"elementor-element elementor-element-9f368eb e-flex e-con-boxed e-con e-parent\" data-id=\"9f368eb\" data-element_type=\"container\" data-e-type=\"container\" data-settings=\"{&quot;background_background&quot;:&quot;classic&quot;}\">\n\t\t\t\t\t<div class=\"e-con-inner\">\n\t\t\t\t<div class=\"elementor-element elementor-element-8dffe22 elementor-widget elementor-widget-heading\" data-id=\"8dffe22\" data-element_type=\"widget\" data-e-type=\"widget\" data-widget_type=\"heading.default\">\n\t\t\t\t<div class=\"elementor-widget-container\">\n\t\t\t\t\t<h2 class=\"elementor-heading-title elementor-size-default\">Summer Nightlife Outreach 2026<\/h2>\t\t\t\t<\/div>\n\t\t\t\t<\/div>\n\t\t\t\t<div class=\"elementor-element elementor-element-4a5a78b elementor-widget elementor-widget-heading\" data-id=\"4a5a78b\" data-element_type=\"widget\" data-e-type=\"widget\" data-widget_type=\"heading.default\">\n\t\t\t\t<div class=\"elementor-widget-container\">\n\t\t\t\t\t<p class=\"elementor-heading-title elementor-size-default\">Unser Ziel f\u00fcr 2026 ist es, 30\u201345 Teilnehmer in drei beliebte Party-Resorts zu schicken. Bist du bereit f\u00fcr die Herausforderung? Bist du bereit gesandt zu werden? Bist du bereit, die jungen Menschen zu einer Begegnung mit Jesus zu f\u00fchren? Dann sei dabei bei unserem Summer Nightlife Outreach 2026!    <\/p>\t\t\t\t<\/div>\n\t\t\t\t<\/div>\n\t\t\t\t<div class=\"elementor-element elementor-element-422d2b0 elementor-align-center elementor-widget elementor-widget-button\" data-id=\"422d2b0\" data-element_type=\"widget\" data-e-type=\"widget\" data-widget_type=\"button.default\">\n\t\t\t\t<div class=\"elementor-widget-container\">\n\t\t\t\t\t\t\t\t\t<div class=\"elementor-button-wrapper\">\n\t\t\t\t\t<a class=\"elementor-button elementor-button-link elementor-size-sm\" href=\"https:\/\/summernightlifeoutreach.com\/registration\" target=\"_blank\">\n\t\t\t\t\t\t<span class=\"elementor-button-content-wrapper\">\n\t\t\t\t\t\t<span class=\"elementor-button-icon\">\n\t\t\t\t<svg xmlns=\"http:\/\/www.w3.org\/2000\/svg\" width=\"24\" height=\"24\" viewBox=\"0 0 24 24\" fill=\"none\"><rect width=\"24\" height=\"24\" rx=\"12\" fill=\"white\"><\/rect><path d=\"M12.6416 17.4062L17.475 12.0359L12.6416 6.66551\" stroke=\"#262371\" stroke-width=\"2\" stroke-linecap=\"round\" stroke-linejoin=\"round\"><\/path><path d=\"M16.6694 12.0376L6.59999 12.0376\" stroke=\"#262371\" stroke-width=\"2\" stroke-linecap=\"round\" stroke-linejoin=\"round\"><\/path><\/svg>\t\t\t<\/span>\n\t\t\t\t\t\t\t\t\t<span class=\"elementor-button-text\">Jetzt registrieren<\/span>\n\t\t\t\t\t<\/span>\n\t\t\t\t\t<\/a>\n\t\t\t\t<\/div>\n\t\t\t\t\t\t\t\t<\/div>\n\t\t\t\t<\/div>\n\t\t\t\t\t<\/div>\n\t\t\t\t<\/div>\n\t\t\t\t<\/div>\n\t\t","protected":false},"excerpt":{"rendered":"<p>About Wie es begann Summer Nightlife Outreach ist ein Dienst von Youth With A Mission (YWAM). Es wurde im Sommer 2017 von der YWAM-Basis in Constan\u021ba, Rum\u00e4nien, gestartet. Beginnend an der rum\u00e4nischen K\u00fcste am Schwarzen Meer und inspiriert von der Wirkung, haben wir die Vision, YWAM-Teams in alle K\u00fcstenst\u00e4dte Europas zu schicken, die f\u00fcr das [&hellip;]<\/p>\n","protected":false},"author":1,"featured_media":0,"parent":0,"menu_order":0,"comment_status":"closed","ping_status":"closed","template":"elementor_header_footer","meta":{"_acf_changed":false,"site-sidebar-layout":"no-sidebar","site-content-layout":"","ast-site-content-layout":"full-width-container","site-content-style":"default","site-sidebar-style":"default","ast-global-header-display":"","ast-banner-title-visibility":"","ast-main-header-display":"","ast-hfb-above-header-display":"","ast-hfb-below-header-display":"","ast-hfb-mobile-header-display":"","site-post-title":"disabled","ast-breadcrumbs-content":"","ast-featured-img":"disabled","footer-sml-layout":"","ast-disable-related-posts":"","theme-transparent-header-meta":"","adv-header-id-meta":"","stick-header-meta":"","header-above-stick-meta":"","header-main-stick-meta":"","header-below-stick-meta":"","astra-migrate-meta-layouts":"default","ast-page-background-enabled":"default","ast-page-background-meta":{"desktop":{"background-color":"var(--ast-global-color-4)","background-image":"","background-repeat":"repeat","background-position":"center center","background-size":"auto","background-attachment":"scroll","background-type":"","background-media":"","overlay-type":"","overlay-color":"","overlay-opacity":"","overlay-gradient":""},"tablet":{"background-color":"","background-image":"","background-repeat":"repeat","background-position":"center center","background-size":"auto","background-attachment":"scroll","background-type":"","background-media":"","overlay-type":"","overlay-color":"","overlay-opacity":"","overlay-gradient":""},"mobile":{"background-color":"","background-image":"","background-repeat":"repeat","background-position":"center center","background-size":"auto","background-attachment":"scroll","background-type":"","background-media":"","overlay-type":"","overlay-color":"","overlay-opacity":"","overlay-gradient":""}},"ast-content-background-meta":{"desktop":{"background-color":"var(--ast-global-color-5)","background-image":"","background-repeat":"repeat","background-position":"center center","background-size":"auto","background-attachment":"scroll","background-type":"","background-media":"","overlay-type":"","overlay-color":"","overlay-opacity":"","overlay-gradient":""},"tablet":{"background-color":"var(--ast-global-color-5)","background-image":"","background-repeat":"repeat","background-position":"center center","background-size":"auto","background-attachment":"scroll","background-type":"","background-media":"","overlay-type":"","overlay-color":"","overlay-opacity":"","overlay-gradient":""},"mobile":{"background-color":"var(--ast-global-color-5)","background-image":"","background-repeat":"repeat","background-position":"center center","background-size":"auto","background-attachment":"scroll","background-type":"","background-media":"","overlay-type":"","overlay-color":"","overlay-opacity":"","overlay-gradient":""}},"footnotes":""},"class_list":["post-1090","page","type-page","status-publish","hentry"],"acf":[],"_links":{"self":[{"href":"https:\/\/summernightlifeoutreach.com\/de\/wp-json\/wp\/v2\/pages\/1090","targetHints":{"allow":["GET"]}}],"collection":[{"href":"https:\/\/summernightlifeoutreach.com\/de\/wp-json\/wp\/v2\/pages"}],"about":[{"href":"https:\/\/summernightlifeoutreach.com\/de\/wp-json\/wp\/v2\/types\/page"}],"author":[{"embeddable":true,"href":"https:\/\/summernightlifeoutreach.com\/de\/wp-json\/wp\/v2\/users\/1"}],"replies":[{"embeddable":true,"href":"https:\/\/summernightlifeoutreach.com\/de\/wp-json\/wp\/v2\/comments?post=1090"}],"version-history":[{"count":1,"href":"https:\/\/summernightlifeoutreach.com\/de\/wp-json\/wp\/v2\/pages\/1090\/revisions"}],"predecessor-version":[{"id":1093,"href":"https:\/\/summernightlifeoutreach.com\/de\/wp-json\/wp\/v2\/pages\/1090\/revisions\/1093"}],"wp:attachment":[{"href":"https:\/\/summernightlifeoutreach.com\/de\/wp-json\/wp\/v2\/media?parent=1090"}],"curies":[{"name":"wp","href":"https:\/\/api.w.org\/{rel}","templated":true}]}}